{"id":2,"date":"2019-11-06T17:18:32","date_gmt":"2019-11-06T16:18:32","guid":{"rendered":"http:\/\/62.154.160.120\/wordpress\/?page_id=2"},"modified":"2020-03-04T15:47:35","modified_gmt":"2020-03-04T14:47:35","slug":"beispiel-seite","status":"publish","type":"page","link":"https:\/\/www.fenbers.de\/","title":{"rendered":"Wir \u00fcber uns"},"content":{"rendered":"\n<p> Der Betrieb wurde 1932 durch Schuhmachermeister Gerhard Fenbers gegr\u00fcndet und 1967 durch seinen Sohn Gerhard Paul Fenbers Schuhmachermeister \u00fcbernommen.<br> 2001 erfolgte dann die \u00dcbergabe  durch den heutigen Inhaber Orthop\u00e4dieschuhmachermeister Torsten Fenbers.<br> Seit der Firmen\u00fcbergabe  2001 stehen f\u00fcr mich Beratung und Service, gepaart mit einem umfangreichen Fachwissen und einer qualitativ hochwertigen, individuellen Fertigung in der hauseigenen Werkstatt, an erster Stelle. Wir haben jahrelange Erfahrung mit Schuhzurichtungen, Schuhreparaturen und der Herstellung von Ma\u00dfschuhen und Einlagen. Profitieren Sie dabei von den Fachkenntnissen eines Meisters und einem topausgebildeten Team. Denn jede Einlage und jeder Ma\u00dfschuh ist ein handgefertigtes Einzelst\u00fcck und perfekt auf seinen Tr\u00e4ger angepasst \u2013 ein Erzeugnis modernster Orthop\u00e4dieschuhtechnik, welches durch keine andere Ma\u00dfnahme ersetzt werden kann.<br> Besuchen Sie unseren Fachbetrieb im Herzen von Spelle und \u00fcberzeugen Sie sich selbst von unserer fachkundigen und freundlichen Beratung und unserem umfangreichen Leistungsangebot.<br><br> <\/p>\n\n\n\n<div class=\"wp-block-cover has-background-dim has-parallax\" style=\"background-image:url(http:\/\/www.fenbers.de\/wp-content\/uploads\/2018\/02\/DSC_2808-e1583332823909.jpg)\"><div class=\"wp-block-cover__inner-container is-layout-flow wp-block-cover-is-layout-flow\">\n<p class=\"has-text-align-center has-large-font-size\"><\/p>\n<\/div><\/div>\n\n\n\n<p><\/p>\n\n\n\n<p><\/p>\n\n\n\n<ul class=\"wp-block-list\"><li>Gr\u00fcndungsjahr 1932 durch Schuhmachermeister Gerhard Fenbers <br> <\/li><li>1967 \u00dcbergabe an den Schuhmachermeister Gerhard Paul Fenbers <br> <\/li><li>2001 \u00dcbergabe an den Orthop\u00e4dieschuhmachermeister Torsten Fenbers<br> <\/li><li>Ausbildung zum Orthop\u00e4dieschuhmacher Fa. Woltring Osnabr\u00fcck 1991-1994<br> <\/li><li>Mehrj\u00e4hrige Gesellent\u00e4tigkeit Fa. Berges Rheine 1994-1999<br> <\/li><li>Meisterschule Kaufm\u00e4nnischer Teil und Ausbilderpr\u00fcfung 1996-1997 Rheine<br> <\/li><li>Bundesfachschule f\u00fcr Orthop\u00e4dieschuhtechnik Hannover mit anschlie\u00dfender Pr\u00fcfung zum Orthop\u00e4dieschuhmachermeister 2000-2001<br> <\/li><li>Meistert\u00e4tigkeit Fa. Berges 2001-2002    <br> <\/li><li>Dozentent\u00e4tigkeit Bundesfachschule Hannover<\/li><\/ul>\n","protected":false},"excerpt":{"rendered":"<p>Der Betrieb wurde 1932 durch Schuhmachermeister Gerhard Fenbers gegr\u00fcndet und 1967 durch seinen Sohn Gerhard Paul Fenbers Schuhmachermeister \u00fcbernommen. 2001 erfolgte dann die \u00dcbergabe durch den heutigen Inhaber Orthop\u00e4dieschuhmachermeister Torsten Fenbers. Seit der Firmen\u00fcbergabe 2001 stehen f\u00fcr mich Beratung und Service, gepaart mit einem umfangreichen Fachwissen und einer qualitativ hochwertigen, individuellen Fertigung in der hauseigenen [&hellip;]<\/p>\n","protected":false},"author":1,"featured_media":0,"parent":0,"menu_order":4,"comment_status":"closed","ping_status":"open","template":"","meta":{"site-sidebar-layout":"default","site-content-layout":"default","ast-site-content-layout":"","site-content-style":"default","site-sidebar-style":"default","ast-global-header-display":"","ast-banner-title-visibility":"","ast-main-header-display":"","ast-hfb-above-header-display":"","ast-hfb-below-header-display":"","ast-hfb-mobile-header-display":"","site-post-title":"","ast-breadcrumbs-content":"","ast-featured-img":"","footer-sml-layout":"","theme-transparent-header-meta":"default","adv-header-id-meta":"","stick-header-meta":"default","header-above-stick-meta":"","header-main-stick-meta":"","header-below-stick-meta":"","astra-migrate-meta-layouts":"default","ast-page-background-enabled":"default","ast-page-background-meta":{"desktop":{"background-color":"","background-image":"","background-repeat":"repeat","background-position":"center center","background-size":"auto","background-attachment":"scroll","background-type":"","background-media":"","overlay-type":"","overlay-color":"","overlay-gradient":""},"tablet":{"background-color":"","background-image":"","background-repeat":"repeat","background-position":"center center","background-size":"auto","background-attachment":"scroll","background-type":"","background-media":"","overlay-type":"","overlay-color":"","overlay-gradient":""},"mobile":{"background-color":"","background-image":"","background-repeat":"repeat","background-position":"center center","background-size":"auto","background-attachment":"scroll","background-type":"","background-media":"","overlay-type":"","overlay-color":"","overlay-gradient":""}},"ast-content-background-meta":{"desktop":{"background-color":"var(--ast-global-color-5)","background-image":"","background-repeat":"repeat","background-position":"center center","background-size":"auto","background-attachment":"scroll","background-type":"","background-media":"","overlay-type":"","overlay-color":"","overlay-gradient":""},"tablet":{"background-color":"var(--ast-global-color-5)","background-image":"","background-repeat":"repeat","background-position":"center center","background-size":"auto","background-attachment":"scroll","background-type":"","background-media":"","overlay-type":"","overlay-color":"","overlay-gradient":""},"mobile":{"background-color":"var(--ast-global-color-5)","background-image":"","background-repeat":"repeat","background-position":"center center","background-size":"auto","background-attachment":"scroll","background-type":"","background-media":"","overlay-type":"","overlay-color":"","overlay-gradient":""}},"footnotes":""},"class_list":["post-2","page","type-page","status-publish","hentry"],"_links":{"self":[{"href":"https:\/\/www.fenbers.de\/index.php\/wp-json\/wp\/v2\/pages\/2","targetHints":{"allow":["GET"]}}],"collection":[{"href":"https:\/\/www.fenbers.de\/index.php\/wp-json\/wp\/v2\/pages"}],"about":[{"href":"https:\/\/www.fenbers.de\/index.php\/wp-json\/wp\/v2\/types\/page"}],"author":[{"embeddable":true,"href":"https:\/\/www.fenbers.de\/index.php\/wp-json\/wp\/v2\/users\/1"}],"replies":[{"embeddable":true,"href":"https:\/\/www.fenbers.de\/index.php\/wp-json\/wp\/v2\/comments?post=2"}],"version-history":[{"count":20,"href":"https:\/\/www.fenbers.de\/index.php\/wp-json\/wp\/v2\/pages\/2\/revisions"}],"predecessor-version":[{"id":429,"href":"https:\/\/www.fenbers.de\/index.php\/wp-json\/wp\/v2\/pages\/2\/revisions\/429"}],"wp:attachment":[{"href":"https:\/\/www.fenbers.de\/index.php\/wp-json\/wp\/v2\/media?parent=2"}],"curies":[{"name":"wp","href":"https:\/\/api.w.org\/{rel}","templated":true}]}}